{"id":29,"date":"2025-01-16T13:06:39","date_gmt":"2025-01-16T13:06:39","guid":{"rendered":"https:\/\/soulrestaurant.life\/?page_id=29"},"modified":"2025-04-28T08:40:55","modified_gmt":"2025-04-28T08:40:55","slug":"about-us","status":"publish","type":"page","link":"https:\/\/soulrestaurant.life\/es\/about-us\/","title":{"rendered":"About us"},"content":{"rendered":"<div data-elementor-type=\"wp-page\" data-elementor-id=\"29\" class=\"elementor elementor-29\" data-elementor-post-type=\"page\">\n\t\t\t\t<div class=\"elementor-element elementor-element-003ae91 e-con-full e-flex e-con e-parent\" data-id=\"003ae91\" data-element_type=\"container\" data-e-type=\"container\" data-settings=\"{&quot;background_background&quot;:&quot;classic&quot;}\">\n\t\t<div class=\"elementor-element elementor-element-6976300 e-con-full e-flex e-con e-child\" data-id=\"6976300\" data-element_type=\"container\" data-e-type=\"container\">\n\t\t<div class=\"elementor-element elementor-element-0526b0b e-con-full e-flex e-con e-child\" data-id=\"0526b0b\" data-element_type=\"container\" data-e-type=\"container\">\n\t\t\t\t<div class=\"elementor-element elementor-element-991d813 elementor-icon-list--layout-traditional elementor-list-item-link-full_width elementor-widget elementor-widget-icon-list\" data-id=\"991d813\" data-element_type=\"widget\" data-e-type=\"widget\" data-widget_type=\"icon-list.default\">\n\t\t\t\t<div class=\"elementor-widget-container\">\n\t\t\t\t\t\t\t<ul class=\"elementor-icon-list-items\">\n\t\t\t\t\t\t\t<li class=\"elementor-icon-list-item\">\n\t\t\t\t\t\t\t\t\t\t\t<a href=\"https:\/\/soulrestaurant.life\/es\">\n\n\t\t\t\t\t\t\t\t\t\t\t\t<span class=\"elementor-icon-list-icon\">\n\t\t\t\t\t\t\t<svg aria-hidden=\"true\" class=\"e-font-icon-svg e-fas-arrow-left\" viewbox=\"0 0 448 512\" xmlns=\"http:\/\/www.w3.org\/2000\/svg\"><path d=\"M257.5 445.1l-22.2 22.2c-9.4 9.4-24.6 9.4-33.9 0L7 273c-9.4-9.4-9.4-24.6 0-33.9L201.4 44.7c9.4-9.4 24.6-9.4 33.9 0l22.2 22.2c9.5 9.5 9.3 25-.4 34.3L136.6 216H424c13.3 0 24 10.7 24 24v32c0 13.3-10.7 24-24 24H136.6l120.5 114.8c9.8 9.3 10 24.8.4 34.3z\"><\/path><\/svg>\t\t\t\t\t\t<\/span>\n\t\t\t\t\t\t\t\t\t\t<span class=\"elementor-icon-list-text\">Atr\u00e1s<\/span>\n\t\t\t\t\t\t\t\t\t\t\t<\/a>\n\t\t\t\t\t\t\t\t\t<\/li>\n\t\t\t\t\t\t<\/ul>\n\t\t\t\t\t\t<\/div>\n\t\t\t\t<\/div>\n\t\t\t\t<\/div>\n\t\t<div class=\"elementor-element elementor-element-ea97a59 e-con-full e-flex e-con e-child\" data-id=\"ea97a59\" data-element_type=\"container\" data-e-type=\"container\">\n\t\t\t\t<div class=\"elementor-element elementor-element-cdb0acd elementor-widget elementor-widget-heading\" data-id=\"cdb0acd\" data-element_type=\"widget\" data-e-type=\"widget\" data-widget_type=\"heading.default\">\n\t\t\t\t<div class=\"elementor-widget-container\">\n\t\t\t\t\t<h1 class=\"elementor-heading-title elementor-size-default\">SOBRE NOSOTROS<\/h1>\t\t\t\t<\/div>\n\t\t\t\t<\/div>\n\t\t\t\t<\/div>\n\t\t\t\t<\/div>\n\t\t\t\t<\/div>\n\t\t<div class=\"elementor-element elementor-element-619daf9 e-flex e-con-boxed e-con e-parent\" data-id=\"619daf9\" data-element_type=\"container\" data-e-type=\"container\" data-settings=\"{&quot;background_background&quot;:&quot;classic&quot;}\">\n\t\t\t\t\t<div class=\"e-con-inner\">\n\t\t<div class=\"elementor-element elementor-element-389643c e-con-full e-flex e-con e-child\" data-id=\"389643c\" data-element_type=\"container\" data-e-type=\"container\">\n\t\t\t\t<div class=\"elementor-element elementor-element-8c40137 elementor-widget elementor-widget-text-editor\" data-id=\"8c40137\" data-element_type=\"widget\" data-e-type=\"widget\" data-widget_type=\"text-editor.default\">\n\t\t\t\t<div class=\"elementor-widget-container\">\n\t\t\t\t\t\t\t\t\t<p class=\"translation-block\">Creado por <strong>BREATHE\u2122<\/strong>, <strong>SOUL<\/strong> combina un estilo moderno con una atm\u00f3sfera acogedora, ofreciendo cocina fresca y saludable, c\u00f3cteles elaborados con destreza y un servicio excepcional. Ya sea que est\u00e9s aqu\u00ed para un desayuno relajado, un almuerzo casual o una cena elegante, <strong>SOUL<\/strong> proporciona un espacio vers\u00e1til para relajarse, conectar y celebrar los momentos especiales de la vida.<\/p>\t\t\t\t\t\t\t\t<\/div>\n\t\t\t\t<\/div>\n\t\t\t\t<\/div>\n\t\t\t\t\t<\/div>\n\t\t\t\t<\/div>\n\t\t<div class=\"elementor-element elementor-element-dca0564 e-flex e-con-boxed e-con e-parent\" data-id=\"dca0564\" data-element_type=\"container\" data-e-type=\"container\" data-settings=\"{&quot;background_background&quot;:&quot;classic&quot;}\">\n\t\t\t\t\t<div class=\"e-con-inner\">\n\t\t\t\t<div class=\"elementor-element elementor-element-7f07c55 elementor-widget elementor-widget-heading\" data-id=\"7f07c55\" data-element_type=\"widget\" data-e-type=\"widget\" data-widget_type=\"heading.default\">\n\t\t\t\t<div class=\"elementor-widget-container\">\n\t\t\t\t\t<h2 class=\"elementor-heading-title elementor-size-default\">NUESTRO EQUIPO<\/h2>\t\t\t\t<\/div>\n\t\t\t\t<\/div>\n\t\t\t\t<div class=\"elementor-element elementor-element-e90fc6b elementor-widget__width-initial elementor-widget elementor-widget-text-editor\" data-id=\"e90fc6b\" data-element_type=\"widget\" data-e-type=\"widget\" data-widget_type=\"text-editor.default\">\n\t\t\t\t<div class=\"elementor-widget-container\">\n\t\t\t\t\t\t\t\t\t<p class=\"translation-block\">En <strong>SOUL<\/strong>, nuestro equipo dedicado est\u00e1 en <strong>el coraz\u00f3n de todo lo que hacemos<\/strong>. Desde nuestros chefs que crean platos deliciosos con los ingredientes m\u00e1s frescos, hasta nuestros atentos camareros que aseguran una experiencia gastron\u00f3mica sin igual, cada miembro de nuestro equipo est\u00e1 enfocado en <strong>hacer que tu visita sea memorable.<\/strong><\/p>\t\t\t\t\t\t\t\t<\/div>\n\t\t\t\t<\/div>\n\t\t\t\t<div class=\"elementor-element elementor-element-af3eca0 elementor-widget elementor-widget-image\" data-id=\"af3eca0\" data-element_type=\"widget\" data-e-type=\"widget\" data-widget_type=\"image.default\">\n\t\t\t\t<div class=\"elementor-widget-container\">\n\t\t\t\t\t\t\t\t\t\t\t\t\t\t\t<img fetchpriority=\"high\" decoding=\"async\" width=\"1707\" height=\"2560\" src=\"https:\/\/soulrestaurant.life\/wp-content\/uploads\/2025\/04\/IMG_1571-scaled.jpeg\" class=\"attachment-full size-full wp-image-1505\" alt=\"\" srcset=\"https:\/\/soulrestaurant.life\/wp-content\/uploads\/2025\/04\/IMG_1571-scaled.jpeg 1707w, https:\/\/soulrestaurant.life\/wp-content\/uploads\/2025\/04\/IMG_1571-200x300.jpeg 200w, https:\/\/soulrestaurant.life\/wp-content\/uploads\/2025\/04\/IMG_1571-683x1024.jpeg 683w, https:\/\/soulrestaurant.life\/wp-content\/uploads\/2025\/04\/IMG_1571-768x1152.jpeg 768w, https:\/\/soulrestaurant.life\/wp-content\/uploads\/2025\/04\/IMG_1571-1024x1536.jpeg 1024w, https:\/\/soulrestaurant.life\/wp-content\/uploads\/2025\/04\/IMG_1571-1365x2048.jpeg 1365w, https:\/\/soulrestaurant.life\/wp-content\/uploads\/2025\/04\/IMG_1571-8x12.jpeg 8w\" sizes=\"(max-width: 1707px) 100vw, 1707px\" \/>\t\t\t\t\t\t\t\t\t\t\t\t\t\t\t<\/div>\n\t\t\t\t<\/div>\n\t\t\t\t<div class=\"elementor-element elementor-element-540f4eb elementor-widget elementor-widget-spacer\" data-id=\"540f4eb\" data-element_type=\"widget\" data-e-type=\"widget\" data-widget_type=\"spacer.default\">\n\t\t\t\t<div class=\"elementor-widget-container\">\n\t\t\t\t\t\t\t<div class=\"elementor-spacer\">\n\t\t\t<div class=\"elementor-spacer-inner\"><\/div>\n\t\t<\/div>\n\t\t\t\t\t\t<\/div>\n\t\t\t\t<\/div>\n\t\t\t\t<div class=\"elementor-element elementor-element-fdc230a elementor-align-justify elementor-widget__width-initial elementor-widget-mobile__width-initial btn.outlined elementor-widget elementor-widget-button\" data-id=\"fdc230a\" data-element_type=\"widget\" data-e-type=\"widget\" data-widget_type=\"button.default\">\n\t\t\t\t<div class=\"elementor-widget-container\">\n\t\t\t\t\t\t\t\t\t<div class=\"elementor-button-wrapper\">\n\t\t\t\t\t<a class=\"elementor-button elementor-button-link elementor-size-sm elementor-animation-bob\" href=\"https:\/\/soulrestaurant.life\/es\/soul-reservations\/\">\n\t\t\t\t\t\t<span class=\"elementor-button-content-wrapper\">\n\t\t\t\t\t\t\t\t\t<span class=\"elementor-button-text\">RESERVA TU MESA<\/span>\n\t\t\t\t\t<\/span>\n\t\t\t\t\t<\/a>\n\t\t\t\t<\/div>\n\t\t\t\t\t\t\t\t<\/div>\n\t\t\t\t<\/div>\n\t\t\t\t\t<\/div>\n\t\t\t\t<\/div>\n\t\t<div class=\"elementor-element elementor-element-b3c8b33 e-flex e-con-boxed e-con e-parent\" data-id=\"b3c8b33\" data-element_type=\"container\" data-e-type=\"container\" data-settings=\"{&quot;background_background&quot;:&quot;classic&quot;}\">\n\t\t\t\t\t<div class=\"e-con-inner\">\n\t\t\t\t<div class=\"elementor-element elementor-element-77b4dda elementor-widget elementor-widget-heading\" data-id=\"77b4dda\" data-element_type=\"widget\" data-e-type=\"widget\" data-widget_type=\"heading.default\">\n\t\t\t\t<div class=\"elementor-widget-container\">\n\t\t\t\t\t<h2 class=\"elementor-heading-title elementor-size-default\">NUESTROS ESPACIOS<\/h2>\t\t\t\t<\/div>\n\t\t\t\t<\/div>\n\t\t\t\t<div class=\"elementor-element elementor-element-1ace379 elementor-widget__width-initial elementor-invisible elementor-widget elementor-widget-text-editor\" data-id=\"1ace379\" data-element_type=\"widget\" data-e-type=\"widget\" data-settings=\"{&quot;_animation&quot;:&quot;fadeInDown&quot;}\" data-widget_type=\"text-editor.default\">\n\t\t\t\t<div class=\"elementor-widget-container\">\n\t\t\t\t\t\t\t\t\t<p class=\"translation-block\"><strong>SOUL<\/strong> ofrece una variedad de <strong>espacios vers\u00e1tiles<\/strong> dise\u00f1ados para crear el ambiente perfecto para cualquier ocasi\u00f3n. Con la flexibilidad de albergar desde comidas informales hasta celebraciones especiales, los <strong>espacios de SOUL<\/strong> est\u00e1n cuidadosamente dise\u00f1ados para <strong>adaptarse a todas las necesidades<\/strong>.<\/p>\t\t\t\t\t\t\t\t<\/div>\n\t\t\t\t<\/div>\n\t\t\t\t\t<\/div>\n\t\t\t\t<\/div>\n\t\t<div class=\"elementor-element elementor-element-15b4c8d e-flex e-con-boxed e-con e-parent\" data-id=\"15b4c8d\" data-element_type=\"container\" data-e-type=\"container\" data-settings=\"{&quot;background_background&quot;:&quot;classic&quot;}\">\n\t\t\t\t\t<div class=\"e-con-inner\">\n\t\t\t\t\t<\/div>\n\t\t\t\t<\/div>\n\t\t<div class=\"elementor-element elementor-element-f9c3507 e-flex e-con-boxed e-con e-parent\" data-id=\"f9c3507\" data-element_type=\"container\" data-e-type=\"container\" data-settings=\"{&quot;background_background&quot;:&quot;classic&quot;}\">\n\t\t\t\t\t<div class=\"e-con-inner\">\n\t\t\t\t<div class=\"elementor-element elementor-element-3e3d126 elementor-widget elementor-widget-heading\" data-id=\"3e3d126\" data-element_type=\"widget\" data-e-type=\"widget\" data-widget_type=\"heading.default\">\n\t\t\t\t<div class=\"elementor-widget-container\">\n\t\t\t\t\t<h2 class=\"elementor-heading-title elementor-size-default\">EL INTERIOR<\/h2>\t\t\t\t<\/div>\n\t\t\t\t<\/div>\n\t\t\t\t<div class=\"elementor-element elementor-element-82ea384 elementor-widget__width-inherit elementor-invisible elementor-widget elementor-widget-text-editor\" data-id=\"82ea384\" data-element_type=\"widget\" data-e-type=\"widget\" data-settings=\"{&quot;_animation&quot;:&quot;fadeInDown&quot;}\" data-widget_type=\"text-editor.default\">\n\t\t\t\t<div class=\"elementor-widget-container\">\n\t\t\t\t\t\t\t\t\t<p class=\"translation-block\">Nuestro <strong>acogedor lounge interior<\/strong> presenta un dise\u00f1o moderno y elegante que crea una <strong>atm\u00f3sfera relajada y acogedora<\/strong>. Es perfecto para disfrutar de una bebida informal, socializar con amigos o relajarse despu\u00e9s de un d\u00eda ajetreado.<\/p>\t\t\t\t\t\t\t\t<\/div>\n\t\t\t\t<\/div>\n\t\t\t\t<div class=\"elementor-element elementor-element-b1b5f3c elementor-widget elementor-widget-image\" data-id=\"b1b5f3c\" data-element_type=\"widget\" data-e-type=\"widget\" data-widget_type=\"image.default\">\n\t\t\t\t<div class=\"elementor-widget-container\">\n\t\t\t\t\t\t\t\t\t\t\t\t\t\t\t<img decoding=\"async\" width=\"2560\" height=\"1707\" src=\"https:\/\/soulrestaurant.life\/wp-content\/uploads\/2025\/01\/Soul-scaled.webp\" class=\"attachment-full size-full wp-image-16\" alt=\"Soul restaurant\" srcset=\"https:\/\/soulrestaurant.life\/wp-content\/uploads\/2025\/01\/Soul-scaled.webp 2560w, https:\/\/soulrestaurant.life\/wp-content\/uploads\/2025\/01\/Soul-300x200.webp 300w, https:\/\/soulrestaurant.life\/wp-content\/uploads\/2025\/01\/Soul-1024x683.webp 1024w, https:\/\/soulrestaurant.life\/wp-content\/uploads\/2025\/01\/Soul-768x512.webp 768w, https:\/\/soulrestaurant.life\/wp-content\/uploads\/2025\/01\/Soul-1536x1024.webp 1536w, https:\/\/soulrestaurant.life\/wp-content\/uploads\/2025\/01\/Soul-2048x1365.webp 2048w\" sizes=\"(max-width: 2560px) 100vw, 2560px\" \/>\t\t\t\t\t\t\t\t\t\t\t\t\t\t\t<\/div>\n\t\t\t\t<\/div>\n\t\t\t\t\t<\/div>\n\t\t\t\t<\/div>\n\t\t<div class=\"elementor-element elementor-element-0106dfe e-flex e-con-boxed e-con e-parent\" data-id=\"0106dfe\" data-element_type=\"container\" data-e-type=\"container\" data-settings=\"{&quot;background_background&quot;:&quot;classic&quot;}\">\n\t\t\t\t\t<div class=\"e-con-inner\">\n\t\t\t\t<div class=\"elementor-element elementor-element-27ed390 elementor-widget elementor-widget-heading\" data-id=\"27ed390\" data-element_type=\"widget\" data-e-type=\"widget\" data-widget_type=\"heading.default\">\n\t\t\t\t<div class=\"elementor-widget-container\">\n\t\t\t\t\t<h2 class=\"elementor-heading-title elementor-size-default\">LA TERRAZA<\/h2>\t\t\t\t<\/div>\n\t\t\t\t<\/div>\n\t\t\t\t<div class=\"elementor-element elementor-element-3390d8a elementor-invisible elementor-widget elementor-widget-text-editor\" data-id=\"3390d8a\" data-element_type=\"widget\" data-e-type=\"widget\" data-settings=\"{&quot;_animation&quot;:&quot;fadeInDown&quot;}\" data-widget_type=\"text-editor.default\">\n\t\t\t\t<div class=\"elementor-widget-container\">\n\t\t\t\t\t\t\t\t\t<p class=\"translation-block\">Para quienes prefieren una <strong>experiencia al aire libre<\/strong>, nuestra amplia terraza exterior ofrece <strong>hermosas vistas y una atm\u00f3sfera fresca<\/strong>. Ya sea que est\u00e9s disfrutando de un d\u00eda soleado o de una noche fresca, la terraza es <strong>perfecta para comidas informales<\/strong>, bebidas con amigos o incluso reuniones \u00edntimas.<\/p>\t\t\t\t\t\t\t\t<\/div>\n\t\t\t\t<\/div>\n\t\t\t\t<div class=\"elementor-element elementor-element-94ff055 elementor-widget elementor-widget-image\" data-id=\"94ff055\" data-element_type=\"widget\" data-e-type=\"widget\" data-widget_type=\"image.default\">\n\t\t\t\t<div class=\"elementor-widget-container\">\n\t\t\t\t\t\t\t\t\t\t\t\t\t\t\t<img decoding=\"async\" width=\"2000\" height=\"1500\" src=\"https:\/\/soulrestaurant.life\/wp-content\/uploads\/2025\/01\/IMG_4020.webp\" class=\"attachment-full size-full wp-image-163\" alt=\"\" srcset=\"https:\/\/soulrestaurant.life\/wp-content\/uploads\/2025\/01\/IMG_4020.webp 2000w, https:\/\/soulrestaurant.life\/wp-content\/uploads\/2025\/01\/IMG_4020-300x225.webp 300w, https:\/\/soulrestaurant.life\/wp-content\/uploads\/2025\/01\/IMG_4020-1024x768.webp 1024w, https:\/\/soulrestaurant.life\/wp-content\/uploads\/2025\/01\/IMG_4020-768x576.webp 768w, https:\/\/soulrestaurant.life\/wp-content\/uploads\/2025\/01\/IMG_4020-1536x1152.webp 1536w\" sizes=\"(max-width: 2000px) 100vw, 2000px\" \/>\t\t\t\t\t\t\t\t\t\t\t\t\t\t\t<\/div>\n\t\t\t\t<\/div>\n\t\t\t\t\t<\/div>\n\t\t\t\t<\/div>\n\t\t<div class=\"elementor-element elementor-element-3bc339a e-flex e-con-boxed e-con e-parent\" data-id=\"3bc339a\" data-element_type=\"container\" data-e-type=\"container\" data-settings=\"{&quot;background_background&quot;:&quot;classic&quot;}\">\n\t\t\t\t\t<div class=\"e-con-inner\">\n\t\t\t\t<div class=\"elementor-element elementor-element-5c54b2a elementor-widget elementor-widget-heading\" data-id=\"5c54b2a\" data-element_type=\"widget\" data-e-type=\"widget\" data-widget_type=\"heading.default\">\n\t\t\t\t<div class=\"elementor-widget-container\">\n\t\t\t\t\t<h2 class=\"elementor-heading-title elementor-size-default\">BAR<\/h2>\t\t\t\t<\/div>\n\t\t\t\t<\/div>\n\t\t\t\t<div class=\"elementor-element elementor-element-091b17c elementor-invisible elementor-widget elementor-widget-text-editor\" data-id=\"091b17c\" data-element_type=\"widget\" data-e-type=\"widget\" data-settings=\"{&quot;_animation&quot;:&quot;fadeInDown&quot;}\" data-widget_type=\"text-editor.default\">\n\t\t\t\t<div class=\"elementor-widget-container\">\n\t\t\t\t\t\t\t\t\t<p class=\"translation-block\">El bar en <strong>SOUL<\/strong> es un punto focal vibrante y elegante, que ofrece una <strong>atm\u00f3sfera relajada pero sofisticada<\/strong>. Con c\u00f3cteles elaborados con destreza, una selecci\u00f3n de vinos finos y bebidas refrescantes, es el <strong>lugar perfecto<\/strong> para relajarse, socializar o comenzar tu noche.<\/p>\t\t\t\t\t\t\t\t<\/div>\n\t\t\t\t<\/div>\n\t\t\t\t<div class=\"elementor-element elementor-element-56a6421 elementor-widget elementor-widget-image\" data-id=\"56a6421\" data-element_type=\"widget\" data-e-type=\"widget\" data-widget_type=\"image.default\">\n\t\t\t\t<div class=\"elementor-widget-container\">\n\t\t\t\t\t\t\t\t\t\t\t\t\t\t\t<img loading=\"lazy\" decoding=\"async\" width=\"2500\" height=\"1667\" src=\"https:\/\/soulrestaurant.life\/wp-content\/uploads\/2025\/01\/541A7160-2.webp\" class=\"attachment-full size-full wp-image-164\" alt=\"\" srcset=\"https:\/\/soulrestaurant.life\/wp-content\/uploads\/2025\/01\/541A7160-2.webp 2500w, https:\/\/soulrestaurant.life\/wp-content\/uploads\/2025\/01\/541A7160-2-300x200.webp 300w, https:\/\/soulrestaurant.life\/wp-content\/uploads\/2025\/01\/541A7160-2-1024x683.webp 1024w, https:\/\/soulrestaurant.life\/wp-content\/uploads\/2025\/01\/541A7160-2-768x512.webp 768w, https:\/\/soulrestaurant.life\/wp-content\/uploads\/2025\/01\/541A7160-2-1536x1024.webp 1536w, https:\/\/soulrestaurant.life\/wp-content\/uploads\/2025\/01\/541A7160-2-2048x1366.webp 2048w\" sizes=\"(max-width: 2500px) 100vw, 2500px\" \/>\t\t\t\t\t\t\t\t\t\t\t\t\t\t\t<\/div>\n\t\t\t\t<\/div>\n\t\t\t\t<div class=\"elementor-element elementor-element-9d76cdc elementor-widget elementor-widget-spacer\" data-id=\"9d76cdc\" data-element_type=\"widget\" data-e-type=\"widget\" data-widget_type=\"spacer.default\">\n\t\t\t\t<div class=\"elementor-widget-container\">\n\t\t\t\t\t\t\t<div class=\"elementor-spacer\">\n\t\t\t<div class=\"elementor-spacer-inner\"><\/div>\n\t\t<\/div>\n\t\t\t\t\t\t<\/div>\n\t\t\t\t<\/div>\n\t\t\t\t<div class=\"elementor-element elementor-element-37ca3b9 elementor-align-justify elementor-widget__width-initial elementor-widget-mobile__width-initial btn.outlined elementor-widget elementor-widget-button\" data-id=\"37ca3b9\" data-element_type=\"widget\" data-e-type=\"widget\" data-widget_type=\"button.default\">\n\t\t\t\t<div class=\"elementor-widget-container\">\n\t\t\t\t\t\t\t\t\t<div class=\"elementor-button-wrapper\">\n\t\t\t\t\t<a class=\"elementor-button elementor-button-link elementor-size-sm elementor-animation-bob\" href=\"https:\/\/soulrestaurant.life\/es\/soul-reservations\/\">\n\t\t\t\t\t\t<span class=\"elementor-button-content-wrapper\">\n\t\t\t\t\t\t\t\t\t<span class=\"elementor-button-text\">RESERVA TU MESA<\/span>\n\t\t\t\t\t<\/span>\n\t\t\t\t\t<\/a>\n\t\t\t\t<\/div>\n\t\t\t\t\t\t\t\t<\/div>\n\t\t\t\t<\/div>\n\t\t\t\t\t<\/div>\n\t\t\t\t<\/div>\n\t\t\t\t<\/div>","protected":false},"excerpt":{"rendered":"<p>Back ABOUT US Created by BREATHE\u2122, SOUL blends modern style with a welcoming atmosphere, offering fresh, healthy cuisine, expertly crafted cocktails, and exceptional service. Whether you&#8217;re here for a relaxed breakfast, a casual lunch, or an elegant dinner, SOUL provides a versatile space to unwind, connect, and celebrate life&#8217;s special moments. OUR STAFF At SOUL, [&hellip;]<\/p>\n","protected":false},"author":1,"featured_media":0,"parent":0,"menu_order":0,"comment_status":"closed","ping_status":"closed","template":"elementor_header_footer","meta":{"_acf_changed":false,"footnotes":""},"class_list":["post-29","page","type-page","status-publish","hentry"],"acf":[],"_links":{"self":[{"href":"https:\/\/soulrestaurant.life\/es\/wp-json\/wp\/v2\/pages\/29","targetHints":{"allow":["GET"]}}],"collection":[{"href":"https:\/\/soulrestaurant.life\/es\/wp-json\/wp\/v2\/pages"}],"about":[{"href":"https:\/\/soulrestaurant.life\/es\/wp-json\/wp\/v2\/types\/page"}],"author":[{"embeddable":true,"href":"https:\/\/soulrestaurant.life\/es\/wp-json\/wp\/v2\/users\/1"}],"replies":[{"embeddable":true,"href":"https:\/\/soulrestaurant.life\/es\/wp-json\/wp\/v2\/comments?post=29"}],"version-history":[{"count":89,"href":"https:\/\/soulrestaurant.life\/es\/wp-json\/wp\/v2\/pages\/29\/revisions"}],"predecessor-version":[{"id":1522,"href":"https:\/\/soulrestaurant.life\/es\/wp-json\/wp\/v2\/pages\/29\/revisions\/1522"}],"wp:attachment":[{"href":"https:\/\/soulrestaurant.life\/es\/wp-json\/wp\/v2\/media?parent=29"}],"curies":[{"name":"wp","href":"https:\/\/api.w.org\/{rel}","templated":true}]}}